{"id":4036,"date":"2022-12-20T12:35:22","date_gmt":"2022-12-20T12:35:22","guid":{"rendered":"https:\/\/parkguell-tickets.org\/politique-en-matiere-de-cookies\/"},"modified":"2023-03-22T14:53:19","modified_gmt":"2023-03-22T14:53:19","slug":"politique-en-matiere-de-cookies","status":"publish","type":"page","link":"https:\/\/parkguell-tickets.org\/fr\/politique-en-matiere-de-cookies\/","title":{"rendered":"Politique en mati\u00e8re de cookies"},"content":{"rendered":"\t\t<div data-elementor-type=\"wp-page\" data-elementor-id=\"4036\" class=\"elementor elementor-4036 elementor-1127\">\n\t\t\t\t\t\t\t\t\t<section class=\"elementor-section elementor-top-section elementor-element elementor-element-05c37b6 elementor-section-boxed elementor-section-height-default elementor-section-height-default\" data-id=\"05c37b6\" data-element_type=\"section\">\n\t\t\t\t\t\t<div class=\"elementor-container elementor-column-gap-default\">\n\t\t\t\t\t<div class=\"elementor-column elementor-col-100 elementor-top-column elementor-element elementor-element-75c3cac\" data-id=\"75c3cac\" data-element_type=\"column\">\n\t\t\t<div class=\"elementor-widget-wrap elementor-element-populated\">\n\t\t\t\t\t\t\t\t<div class=\"elementor-element elementor-element-16c93ab elementor-widget elementor-widget-text-editor\" data-id=\"16c93ab\" data-element_type=\"widget\" data-widget_type=\"text-editor.default\">\n\t\t\t\t<div class=\"elementor-widget-container\">\n\t\t\t\t\t\t\t<p><strong>1. IDENTIFICATION ET COORDONN\u00c9ES DU RESPONSABLE DU TRAITEMENT<\/strong><\/p><p><span style=\"font-weight: 400;\"><img loading=\"lazy\" decoding=\"async\" class=\"alignnone size-full wp-image-25571\" src=\"http:\/\/parkguell-tickets.org\/wp-content\/uploads\/2023\/03\/Itcubation-S.R.L.png\" alt=\"\" width=\"254\" height=\"16\" \/> Num\u00e9ro d&rsquo;identification <img loading=\"lazy\" decoding=\"async\" class=\"\" src=\"https:\/\/sagradafamilia-tickets.com\/wp-content\/uploads\/2022\/10\/B67624437.png\" width=\"72\" height=\"11\" \/>dont le si\u00e8ge social est situ\u00e9 Calle Balmes n\u00ba 32, Principal 2\u00aa, C.P. 08007 Barcelona (Espagne) et inscrite au Registre du Commerce et des Soci\u00e9t\u00e9s de (Barcelone) sous le num\u00e9ro 47314, Page 29 (ci-apr\u00e8s, le \u00a0\u00bb Responsable du Traitement \u00ab\u00a0), est responsable du traitement des donn\u00e9es collect\u00e9es ou g\u00e9n\u00e9r\u00e9es suite \u00e0 l&rsquo;acc\u00e8s, l&rsquo;utilisation et la navigation des utilisateurs de www.parkguell-tickets.org (ci-apr\u00e8s, l'\u00a0\u00bbUtilisateur\u00a0\u00bb ou les \u00ab\u00a0Utilisateurs\u00a0\u00bb et le \u00ab\u00a0Site Web\u00a0\u00bb ou le \u00ab\u00a0Web\u00a0\u00bb respectivement), et utilise des cookies dans le but de contr\u00f4ler les habitudes de navigation des Utilisateurs sur ce Web, comme indiqu\u00e9 dans la pr\u00e9sente politique de cookies (ci-apr\u00e8s, la \u00ab\u00a0Politique de cookies\u00a0\u00bb).<\/span><\/p><p><strong>2. CONCEPT<\/strong><\/p><p><span style=\"font-weight: 400;\">Un cookie est un fichier qui est t\u00e9l\u00e9charg\u00e9 sur le mat\u00e9riel utilis\u00e9 par l&rsquo;Utilisateur lors de l&rsquo;acc\u00e8s \u00e0 certaines pages web afin de stocker et de r\u00e9cup\u00e9rer des informations sur la navigation effectu\u00e9e depuis son appareil. Ainsi, les informations recueillies par le biais des cookies nous permettent d&rsquo;obtenir des informations sur les habitudes de navigation des Utilisateurs.<\/span><\/p><p><strong>3. TYPES DE COOKIES ET TRAITEMENT DES DONN\u00c9ES PAR LES COOKIES<\/strong><\/p><p><span style=\"font-weight: 400;\">Ce site Web permet uniquement l&rsquo;utilisation de cookies de l&rsquo;outil Google Analytics appartenant \u00e0 Google, Inc. (ci-apr\u00e8s, \u00ab\u00a0Google\u00a0\u00bb), une soci\u00e9t\u00e9 enregistr\u00e9e dans le Delaware, au 1600 Amphitheatre Parkway, Mountain View (Californie), CA 94043, USA, qui est, par cons\u00e9quent, le tiers responsable des donn\u00e9es personnelles.<\/span><\/p><p><span style=\"font-weight: 400;\">\u00c0 cet \u00e9gard, Google Analytics capture les interactions des utilisateurs sur le Site Internet (heure de la visite, si l&rsquo;Utilisateur est d\u00e9j\u00e0 venu sur le site auparavant, quel site a recommand\u00e9 \u00e0 l&rsquo;Utilisateur de visiter le site Internet en question, adresse IP, etc.) et ne fournit au Responsable du traitement aucune information concernant l&rsquo;adresse IP r\u00e9elle de l&rsquo;Utilisateur, mais fournit uniquement des informations statistiques compos\u00e9es de visites (visiteurs uniques, nombre de pages consult\u00e9es, page\/visite, dur\u00e9e moyenne de visite, taux de rebond, % de nouvelles visites, nouveaux visiteurs et visiteurs r\u00e9currents, fr\u00e9quence et visites r\u00e9centes, interactions, pages visit\u00e9es), de donn\u00e9es d\u00e9mographiques (langue, pays\/territoire, ville), de syst\u00e8me (navigateur, syst\u00e8me d&rsquo;exploitation, fournisseur d&rsquo;acc\u00e8s Internet, cat\u00e9gorie d&rsquo;appareil), de source\/moyen, etc.<\/span><\/p><p><strong>4. OBJECTIF DES COOKIES<\/strong><\/p><p><span style=\"font-weight: 400;\">L&rsquo;objectif est que le contr\u00f4leur de donn\u00e9es puisse conna\u00eetre les habitudes de navigation des utilisateurs du site Web et consulter divers rapports d\u00e9crivant l&rsquo;interaction des utilisateurs qui visitent le site Web afin de l&rsquo;am\u00e9liorer. Gr\u00e2ce \u00e0 ces informations, le Responsable du traitement peut analyser la navigation des Utilisateurs du Site, et Google Analytics rapporte \u00e9galement les tendances du Site sans identifier ses Utilisateurs.<\/span><\/p><p><span style=\"font-weight: 400;\">D&rsquo;autre part, l&rsquo;Utilisateur peut consulter les conditions g\u00e9n\u00e9rales de Google \u00e0 l&rsquo;adresse www.google.com\/analytics\/tos.html et sa politique de confidentialit\u00e9 \u00e0 l&rsquo;adresse www.google.com\/intl\/es\/policies\/privacy.<\/span><\/p><p><span style=\"font-weight: 400;\">Toutefois, le responsable du traitement des donn\u00e9es ne peut pas contr\u00f4ler et n&rsquo;est pas responsable du contenu et de la v\u00e9racit\u00e9 des conditions g\u00e9n\u00e9rales et des r\u00e8gles de confidentialit\u00e9 de Google r\u00e9f\u00e9renc\u00e9es dans la pr\u00e9sente politique en mati\u00e8re de cookies.<\/span><\/p><p><strong>5. D\u00c9SACTIVER LES COOKIES<\/strong><\/p><p><span style=\"font-weight: 400;\">Les visiteurs du site web peuvent \u00e0 tout moment r\u00e9voquer le consentement donn\u00e9 par le biais du bouton situ\u00e9 en haut de la pr\u00e9sente politique en mati\u00e8re de cookies.<\/span><\/p><p><span style=\"font-weight: 400;\">Vous pouvez \u00e9galement d\u00e9sactiver les cookies de Google Analytics, en utilisant les syst\u00e8mes suivants :<\/span><\/p><ol><li><span style=\"font-weight: 400;\">Le syst\u00e8me d&rsquo;opt-out de Google Analytics est accessible \u00e0 partir du lien suivant : <\/span><span style=\"font-weight: 400;\">https:\/\/tools.google.com\/dlpage\/gaoptout?hl=es <\/span><\/li><li><span style=\"font-weight: 400;\">Les param\u00e8tres du navigateur ; par exemple :<\/span><\/li><li style=\"list-style-type: none;\"><ol><li style=\"list-style-type: none;\"><ol><li><span style=\"font-weight: 400;\">Chrome, \u00e0 partir de support.google.com\/chrome\/answer\/95647?hl=fr<\/span><\/li><li><span style=\"font-weight: 400;\">Explorer, \u00e0 partir de support.microsoft.com\/en-us\/help\/17442\/windows-internetexplorer-delete-manage-cookies<\/span><\/li><li><span style=\"font-weight: 400;\">Firefox, \u00e0 partir de support.mozilla.org\/kb\/kb\/en\/en\/enable-and-disable-cookies-websites-tracking-preferences<\/span><\/li><li><span style=\"font-weight: 400;\">Safari, \u00e0 partir de support.apple.com\/fr\/fr\/guide\/safari\/sfri11471\/mac<\/span><\/li><\/ol><\/li><\/ol><\/li><\/ol><p><span style=\"font-weight: 400;\">La d\u00e9sactivation des cookies Google Analytics ne vous emp\u00eachera pas d&rsquo;utiliser ce site Web. Si vous supprimez tous les cookies de ce site Web, par le biais de votre navigateur, vous supprimerez \u00e9galement les param\u00e8tres que vous avez choisis pour nos cookies. Dans tous les cas, vous devez acc\u00e9der \u00e0 la version la plus r\u00e9cente de chaque navigateur, et dans le cas o\u00f9 vous utiliseriez un autre navigateur Internet que ceux indiqu\u00e9s pr\u00e9c\u00e9demment, nous vous recommandons de consulter les diff\u00e9rentes options de gestion des cookies qui peuvent \u00eatre disponibles dans ce dernier \u00e0 tout moment.<\/span><\/p><p><strong>6. MODIFICATIONS DE LA POLITIQUE EN MATI\u00c8RE DE COOKIES<\/strong><\/p><p><span style=\"font-weight: 400;\">Afin de s&rsquo;assurer que les directives du Contr\u00f4leur des donn\u00e9es en mati\u00e8re de cookies sont toujours conformes aux exigences l\u00e9gales en vigueur \u00e0 un moment donn\u00e9, le Contr\u00f4leur des donn\u00e9es se r\u00e9serve le droit d&rsquo;apporter des modifications \u00e0 la pr\u00e9sente politique en mati\u00e8re de cookies afin de <\/span><\/p><p><strong>7. COMMUNICATIONS ET TRANSFERTS INTERNATIONAUX DE DONN\u00c9ES<\/strong><\/p><p><span style=\"font-weight: 400;\">Les cookies tiers utilis\u00e9s sur le site Web appartiennent \u00e0 Google, situ\u00e9 aux \u00c9tats-Unis, en dehors de l&rsquo;Espace \u00e9conomique europ\u00e9en. Google est signataire du cadre du bouclier de protection de la vie priv\u00e9e entre l&rsquo;UE et les \u00c9tats-Unis.<\/span><\/p><p><span style=\"font-weight: 400;\">Les donn\u00e9es ne seront pas communiqu\u00e9es \u00e0 des tiers, sauf dans les cas pr\u00e9vus par la politique de confidentialit\u00e9 de Google susmentionn\u00e9e.<\/span><\/p><p><strong>8. POLITIQUE DE CONFIDENTIALIT\u00c9<\/strong><\/p><p><span style=\"font-weight: 400;\">Veuillez lire notre <a href=\"https:\/\/parkguell-tickets.org\/privacy-policy\/\">politique de confidentialit\u00e9<\/a> pour plus d&rsquo;informations sur le traitement des donn\u00e9es personnelles.<\/span><\/p><p><strong>9. DROITS DE L&rsquo;UTILISATEUR<\/strong><\/p><p><span style=\"font-weight: 400;\">L&rsquo;Utilisateur peut exercer les droits d&rsquo;acc\u00e8s, de rectification, d&rsquo;effacement, d&rsquo;opposition, de limitation du traitement et de portabilit\u00e9, le cas \u00e9ch\u00e9ant, ainsi que r\u00e9voquer son consentement, concernant le traitement dont le Responsable du traitement est charg\u00e9. Pour l&rsquo;exercice effectif de ces droits, l&rsquo;utilisateur doit soumettre la demande par \u00e9crit \u00e0 l&rsquo;adresse \u00e9lectronique suivante : support@parkguell-tickets.org, et prouver son identit\u00e9 en fournissant ses nom et pr\u00e9nom(s), une photocopie de sa carte d&rsquo;identit\u00e9 nationale ou d&rsquo;un document d&rsquo;identification \u00e9quivalent prouvant son identit\u00e9, une p\u00e9tition pr\u00e9cisant la demande, l&rsquo;adresse aux fins de notifications, la date et la signature du demandeur.<\/span><\/p><p><span style=\"font-weight: 400;\">Pour l&rsquo;exercice des droits \u00e0 l&rsquo;encontre de Google, vous devez vous r\u00e9f\u00e9rer aux dispositions de sa politique de confidentialit\u00e9 indiqu\u00e9e ci-dessus.<\/span><\/p><p><span style=\"font-weight: 400;\">De m\u00eame, l&rsquo;utilisateur peut d\u00e9poser une plainte aupr\u00e8s de l&rsquo;Agence espagnole de protection des donn\u00e9es (autorit\u00e9 de contr\u00f4le comp\u00e9tente en la mati\u00e8re en Espagne), notamment lorsque l&rsquo;exercice de ses droits n&rsquo;a pas \u00e9t\u00e9 satisfaisant, par \u00e9crit, \u00e0 C\/ Jorge Juan, n\u00ba 6, 28001 &#8211; Madrid, ou par le biais du site web : www.agpd.es.<\/span><\/p>\t\t\t\t\t\t<\/div>\n\t\t\t\t<\/div>\n\t\t\t\t\t<\/div>\n\t\t<\/div>\n\t\t\t\t\t\t\t<\/div>\n\t\t<\/section>\n\t\t\t\t\t\t\t<\/div>\n\t\t","protected":false},"excerpt":{"rendered":"<p>1. IDENTIFICATION ET COORDONN\u00c9ES DU RESPONSABLE DU TRAITEMENT Num\u00e9ro d&rsquo;identification dont le si\u00e8ge social est situ\u00e9 Calle Balmes n\u00ba 32, Principal 2\u00aa, C.P. 08007 Barcelona (Espagne) et inscrite au Registre du Commerce et des Soci\u00e9t\u00e9s de (Barcelone) sous le num\u00e9ro 47314, Page 29 (ci-apr\u00e8s, le \u00a0\u00bb Responsable du Traitement \u00ab\u00a0), est responsable du traitement des [&hellip;]<\/p>\n","protected":false},"author":1,"featured_media":0,"parent":0,"menu_order":0,"comment_status":"closed","ping_status":"closed","template":"","meta":{"_themeisle_gutenberg_block_has_review":false,"footnotes":""},"class_list":["post-4036","page","type-page","status-publish","hentry"],"yoast_head":"<!-- This site is optimized with the Yoast SEO plugin v20.4 - https:\/\/yoast.com\/wordpress\/plugins\/seo\/ -->\n<title>Politique en mati\u00e8re de cookies - Park G\u00fcell Tickets<\/title>\n<meta name=\"robots\" content=\"index, follow, max-snippet:-1, max-image-preview:large, max-video-preview:-1\" \/>\n<link rel=\"canonical\" href=\"https:\/\/parkguell-tickets.org\/cookies-policy\/\" \/>\n<meta property=\"og:locale\" content=\"fr_FR\" \/>\n<meta property=\"og:type\" content=\"article\" \/>\n<meta property=\"og:title\" content=\"Politique en mati\u00e8re de cookies - Park G\u00fcell Tickets\" \/>\n<meta property=\"og:description\" content=\"1. IDENTIFICATION ET COORDONN\u00c9ES DU RESPONSABLE DU TRAITEMENT Num\u00e9ro d&rsquo;identification dont le si\u00e8ge social est situ\u00e9 Calle Balmes n\u00ba 32, Principal 2\u00aa, C.P. 08007 Barcelona (Espagne) et inscrite au Registre du Commerce et des Soci\u00e9t\u00e9s de (Barcelone) sous le num\u00e9ro 47314, Page 29 (ci-apr\u00e8s, le \u00a0\u00bb Responsable du Traitement \u00ab\u00a0), est responsable du traitement des [&hellip;]\" \/>\n<meta property=\"og:url\" content=\"https:\/\/parkguell-tickets.org\/cookies-policy\/\" \/>\n<meta property=\"og:site_name\" content=\"Park G\u00fcell Tickets\" \/>\n<meta property=\"article:modified_time\" content=\"2023-03-22T14:53:19+00:00\" \/>\n<meta property=\"og:image\" content=\"http:\/\/parkguell-tickets.org\/wp-content\/uploads\/2023\/03\/Itcubation-S.R.L.png\" \/>\n<meta name=\"twitter:card\" content=\"summary_large_image\" \/>\n<meta name=\"twitter:label1\" content=\"Dur\u00e9e de lecture estim\u00e9e\" \/>\n\t<meta name=\"twitter:data1\" content=\"6 minutes\" \/>\n<script type=\"application\/ld+json\" class=\"yoast-schema-graph\">{\"@context\":\"https:\/\/schema.org\",\"@graph\":[{\"@type\":\"WebPage\",\"@id\":\"https:\/\/parkguell-tickets.org\/cookies-policy\/\",\"url\":\"https:\/\/parkguell-tickets.org\/cookies-policy\/\",\"name\":\"Politique en mati\u00e8re de cookies - Park G\u00fcell Tickets\",\"isPartOf\":{\"@id\":\"https:\/\/parkguell-tickets.org\/#website\"},\"datePublished\":\"2022-12-20T12:35:22+00:00\",\"dateModified\":\"2023-03-22T14:53:19+00:00\",\"breadcrumb\":{\"@id\":\"https:\/\/parkguell-tickets.org\/cookies-policy\/#breadcrumb\"},\"inLanguage\":\"fr-FR\",\"potentialAction\":[{\"@type\":\"ReadAction\",\"target\":[\"https:\/\/parkguell-tickets.org\/cookies-policy\/\"]}]},{\"@type\":\"BreadcrumbList\",\"@id\":\"https:\/\/parkguell-tickets.org\/cookies-policy\/#breadcrumb\",\"itemListElement\":[{\"@type\":\"ListItem\",\"position\":1,\"name\":\"Home\",\"item\":\"https:\/\/parkguell-tickets.org\/\"},{\"@type\":\"ListItem\",\"position\":2,\"name\":\"Politique en mati\u00e8re de cookies\"}]},{\"@type\":\"WebSite\",\"@id\":\"https:\/\/parkguell-tickets.org\/#website\",\"url\":\"https:\/\/parkguell-tickets.org\/\",\"name\":\"Park G\u00fcell Tickets\",\"description\":\"\",\"publisher\":{\"@id\":\"https:\/\/parkguell-tickets.org\/#organization\"},\"potentialAction\":[{\"@type\":\"SearchAction\",\"target\":{\"@type\":\"EntryPoint\",\"urlTemplate\":\"https:\/\/parkguell-tickets.org\/?s={search_term_string}\"},\"query-input\":\"required name=search_term_string\"}],\"inLanguage\":\"fr-FR\"},{\"@type\":\"Organization\",\"@id\":\"https:\/\/parkguell-tickets.org\/#organization\",\"name\":\"Park G\u00fcell Tickets\",\"url\":\"https:\/\/parkguell-tickets.org\/\",\"logo\":{\"@type\":\"ImageObject\",\"inLanguage\":\"fr-FR\",\"@id\":\"https:\/\/parkguell-tickets.org\/#\/schema\/logo\/image\/\",\"url\":\"https:\/\/parkguell-tickets.org\/wp-content\/uploads\/2023\/05\/bt-tickets.png\",\"contentUrl\":\"https:\/\/parkguell-tickets.org\/wp-content\/uploads\/2023\/05\/bt-tickets.png\",\"width\":4062,\"height\":724,\"caption\":\"Park G\u00fcell Tickets\"},\"image\":{\"@id\":\"https:\/\/parkguell-tickets.org\/#\/schema\/logo\/image\/\"}}]}<\/script>\n<!-- \/ Yoast SEO plugin. -->","yoast_head_json":{"title":"Politique en mati\u00e8re de cookies - Park G\u00fcell Tickets","robots":{"index":"index","follow":"follow","max-snippet":"max-snippet:-1","max-image-preview":"max-image-preview:large","max-video-preview":"max-video-preview:-1"},"canonical":"https:\/\/parkguell-tickets.org\/cookies-policy\/","og_locale":"fr_FR","og_type":"article","og_title":"Politique en mati\u00e8re de cookies - Park G\u00fcell Tickets","og_description":"1. IDENTIFICATION ET COORDONN\u00c9ES DU RESPONSABLE DU TRAITEMENT Num\u00e9ro d&rsquo;identification dont le si\u00e8ge social est situ\u00e9 Calle Balmes n\u00ba 32, Principal 2\u00aa, C.P. 08007 Barcelona (Espagne) et inscrite au Registre du Commerce et des Soci\u00e9t\u00e9s de (Barcelone) sous le num\u00e9ro 47314, Page 29 (ci-apr\u00e8s, le \u00a0\u00bb Responsable du Traitement \u00ab\u00a0), est responsable du traitement des [&hellip;]","og_url":"https:\/\/parkguell-tickets.org\/cookies-policy\/","og_site_name":"Park G\u00fcell Tickets","article_modified_time":"2023-03-22T14:53:19+00:00","og_image":[{"url":"http:\/\/parkguell-tickets.org\/wp-content\/uploads\/2023\/03\/Itcubation-S.R.L.png"}],"twitter_card":"summary_large_image","twitter_misc":{"Dur\u00e9e de lecture estim\u00e9e":"6 minutes"},"schema":{"@context":"https:\/\/schema.org","@graph":[{"@type":"WebPage","@id":"https:\/\/parkguell-tickets.org\/cookies-policy\/","url":"https:\/\/parkguell-tickets.org\/cookies-policy\/","name":"Politique en mati\u00e8re de cookies - Park G\u00fcell Tickets","isPartOf":{"@id":"https:\/\/parkguell-tickets.org\/#website"},"datePublished":"2022-12-20T12:35:22+00:00","dateModified":"2023-03-22T14:53:19+00:00","breadcrumb":{"@id":"https:\/\/parkguell-tickets.org\/cookies-policy\/#breadcrumb"},"inLanguage":"fr-FR","potentialAction":[{"@type":"ReadAction","target":["https:\/\/parkguell-tickets.org\/cookies-policy\/"]}]},{"@type":"BreadcrumbList","@id":"https:\/\/parkguell-tickets.org\/cookies-policy\/#breadcrumb","itemListElement":[{"@type":"ListItem","position":1,"name":"Home","item":"https:\/\/parkguell-tickets.org\/"},{"@type":"ListItem","position":2,"name":"Politique en mati\u00e8re de cookies"}]},{"@type":"WebSite","@id":"https:\/\/parkguell-tickets.org\/#website","url":"https:\/\/parkguell-tickets.org\/","name":"Park G\u00fcell Tickets","description":"","publisher":{"@id":"https:\/\/parkguell-tickets.org\/#organization"},"potentialAction":[{"@type":"SearchAction","target":{"@type":"EntryPoint","urlTemplate":"https:\/\/parkguell-tickets.org\/?s={search_term_string}"},"query-input":"required name=search_term_string"}],"inLanguage":"fr-FR"},{"@type":"Organization","@id":"https:\/\/parkguell-tickets.org\/#organization","name":"Park G\u00fcell Tickets","url":"https:\/\/parkguell-tickets.org\/","logo":{"@type":"ImageObject","inLanguage":"fr-FR","@id":"https:\/\/parkguell-tickets.org\/#\/schema\/logo\/image\/","url":"https:\/\/parkguell-tickets.org\/wp-content\/uploads\/2023\/05\/bt-tickets.png","contentUrl":"https:\/\/parkguell-tickets.org\/wp-content\/uploads\/2023\/05\/bt-tickets.png","width":4062,"height":724,"caption":"Park G\u00fcell Tickets"},"image":{"@id":"https:\/\/parkguell-tickets.org\/#\/schema\/logo\/image\/"}}]}},"_links":{"self":[{"href":"https:\/\/parkguell-tickets.org\/fr\/wp-json\/wp\/v2\/pages\/4036","targetHints":{"allow":["GET"]}}],"collection":[{"href":"https:\/\/parkguell-tickets.org\/fr\/wp-json\/wp\/v2\/pages"}],"about":[{"href":"https:\/\/parkguell-tickets.org\/fr\/wp-json\/wp\/v2\/types\/page"}],"author":[{"embeddable":true,"href":"https:\/\/parkguell-tickets.org\/fr\/wp-json\/wp\/v2\/users\/1"}],"replies":[{"embeddable":true,"href":"https:\/\/parkguell-tickets.org\/fr\/wp-json\/wp\/v2\/comments?post=4036"}],"version-history":[{"count":6,"href":"https:\/\/parkguell-tickets.org\/fr\/wp-json\/wp\/v2\/pages\/4036\/revisions"}],"predecessor-version":[{"id":25585,"href":"https:\/\/parkguell-tickets.org\/fr\/wp-json\/wp\/v2\/pages\/4036\/revisions\/25585"}],"wp:attachment":[{"href":"https:\/\/parkguell-tickets.org\/fr\/wp-json\/wp\/v2\/media?parent=4036"}],"curies":[{"name":"wp","href":"https:\/\/api.w.org\/{rel}","templated":true}]}}